{"id":130,"date":"2019-06-11T09:41:28","date_gmt":"2019-06-11T09:41:28","guid":{"rendered":"http:\/\/www.comerten.com\/index.php\/mesmerize\/"},"modified":"2020-12-12T22:23:40","modified_gmt":"2020-12-12T21:23:40","slug":"mesmerize","status":"publish","type":"page","link":"https:\/\/www.comerten.com\/","title":{"rendered":"Front Page"},"content":{"rendered":"<div  id=\"que-hacemos\" style=\"background-color: #f5fafd;\" data-label=\"Qu\u00e9 Hacemos\" data-id=\"about-images-right-section-mc\" data-export-id=\"about-images-right-section-mc\" data-bullets-visibility=\"true\" data-category=\"about\" class=\"about-images-right-section-mc content-section content-section-spacing\"><div  class=\"gridContainer\"> <div  class=\"row middle-sm text-center\"><div  class=\"col-sm-5 content-left-sm\" data-type=\"column\"> <h5  class=\"\">QU\u00c9 HACEMOS<\/h5> <h2  class=\"\">Proporcionamos <br > <span  style=\"font-family: Playfair Display,sans-serif; font-weight: 700; font-style: italic;\" href=\"#\">soluciones<\/span> para todas sus necesidades<\/h2> <p  class=\"\">En este mercado tan diverso, hemos sido capaces de formar y crear a expertos en:<br ><br >&#8211; Gas<br >&#8211; Climatizaci\u00f3n con bombas de calor a gas natural<br >&#8211; Calefacci\u00f3n de infrarrojos<br >&#8211; Aire acondicionado<br >&#8211; Calefacci\u00f3n<br >&#8211; Instalaciones de gas en cocinas de locales<br >&#8211; Instalaciones de gas en secadoras industriales<br ><br >Y en muchos otros temas, a los que nuestra empresa se adapta para dar el mejor servicio a nuestros clientes.<br ><br >En nuestras instalaciones ponemos un especial esmero en su ejecuci\u00f3n, ofreciendo a nuestros clientes: rapidez, respeto al entorno, limpieza, garant\u00eda se servicio y calidad de los productos.<\/p> <a class=\"button color1\" href=\"https:\/\/www.comerten.com\/index.php\/informate\" target=\"_self\" data-cp-link=\"1\" rel=\"noopener noreferrer\">PIDE INFORMACI\u00d3N<\/a><\/div> <div  class=\"col-sm-7 space-bottom-xs\"><div  class=\"image-group-side-3-img\"> <img  class=\"topimg shadow-large\" src=\"http:\/\/www.comerten.com\/wp-content\/uploads\/2019\/06\/cropped-comerten-13-de-25.jpg\" alt=\"\" title=\"cropped-comerten-13-de-25.jpg\"> <img  class=\"rightimg shadow-large\" src=\"http:\/\/www.comerten.com\/wp-content\/uploads\/2019\/06\/cropped-comerten-11-de-25.jpg\" alt=\"\" title=\"cropped-comerten-11-de-25.jpg\"> <div  class=\"leftimg\"> <img  class=\"shadow-large\" src=\"http:\/\/www.comerten.com\/wp-content\/uploads\/2019\/06\/cropped-comerten-2-de-25.jpg\" alt=\"\" title=\"cropped-comerten-2-de-25.jpg\"><\/div> <\/div><\/div> <\/div><\/div> <\/div><div  id=\"quienes-somos\" style=\"background-color: #ffffff;\" data-label=\"Qui\u00e9nes somos\" data-id=\"content-8-mc\" data-export-id=\"content-8-mc\" data-category=\"content\" class=\"content-8-mc content-section content-section-spacing\" data-bullets-visibility=\"true\"><div  class=\"gridContainer\"> <div  class=\"row middle-sm\"><div  class=\"col-sm-6 space-bottom-xs space-top-xs\" data-type=\"column\"> <img  class=\"shadow-large\" src=\"http:\/\/www.comerten.com\/wp-content\/uploads\/2019\/06\/cropped-IMG-20180312-WA0000.jpg\" alt=\"\" title=\"cropped-IMG-20180312-WA0000.jpg\"><\/div> <div  class=\"col-sm-6\" data-type=\"column\"><h2  class=\"\">\u00bfQui\u00e9nes somos?<\/h2> <p  class=\"\">Comerten es una empresa joven creada a ra\u00edz de la nueva demanda de instalaciones en locales comerciales.<br ><br >Ha sido fundada por un equipo de profesionales expertos en este tipo de necesidades, ofreciendo las mejores expectativas en el tema de instalaciones.<br ><br >Estamos a su entero servicio: no dude en llamarnos y pedirnos una propuesta sin ning\u00fan tipo de compromiso por su parte.<\/p> <\/div> <\/div><\/div> <\/div><div  data-label=\"Obras realizadas\" data-id=\"portfolio--1\" data-export-id=\"portfolio-4\" data-category=\"portfolio\" class=\"portfolio-4 content-section content-section-spacing-top\" id=\"obras-realizadas\" style=\"background-color: rgb(245, 250, 253);\" data-bullets-visibility=\"true\"><div  class=\"\"> <div  class=\"row text-center\"><div  class=\"section-title-col\" data-type=\"column\"> <h2  class=\"\">Obras realizadas<\/h2> <\/div> <\/div> <div  data-type=\"row\" class=\"row\" data-fixed=\"true\">    <div  class=\"col-xs-12 col-sm-3 no-gutter-col\"><div  class=\"contentswap-effect\" data-hover-fx=\"portfolio-4\"> <div  class=\"initial-image\"> <img  data-size=\"542x360\" src=\"http:\/\/www.comerten.com\/wp-content\/uploads\/2020\/07\/cropped-comerten_pania-17-de-18.jpg\"><\/div> <div  class=\"overlay bg-color1\"><\/div> <div  class=\"swap-inner col-xs-12\"> <div  class=\"row full-height-row middle-xs middle-sm\"> <div  class=\"col-xs-12 text-center content-holder\"> <a href=\"https:\/\/www.comerten.com\/index.php\/pania\" target=\"_self\" rel=\"noopener noreferrer\"><i  class=\"fa icon portfolio-icon fa-search big\" aria-hidden=\"true\"><\/i><\/a><\/div> <\/div><\/div> <\/div><\/div><div  class=\"col-xs-12 col-sm-3 no-gutter-col\"><div  class=\"contentswap-effect\" data-hover-fx=\"portfolio-4\"> <div  class=\"initial-image\"> <img  data-size=\"542x360\" src=\"http:\/\/www.comerten.com\/wp-content\/uploads\/2020\/06\/cropped-comerten_auto_88-13-de-14-1.jpg\"><\/div> <div  class=\"overlay bg-color1\"><\/div> <div  class=\"swap-inner col-xs-12\"> <div  class=\"row full-height-row middle-xs middle-sm\"> <div  class=\"col-xs-12 text-center content-holder\"> <a href=\"https:\/\/www.comerten.com\/index.php\/obras-realizadas-auto-88\" target=\"_self\" rel=\"noopener noreferrer\"><i  class=\"fa icon portfolio-icon fa-search big\" aria-hidden=\"true\"><\/i><\/a><\/div> <\/div><\/div> <\/div><\/div><div  class=\"col-xs-12 col-sm-3 no-gutter-col\"><div  class=\"contentswap-effect\" data-hover-fx=\"portfolio-4\"> <div  class=\"initial-image\"> <img  data-size=\"542x360\" src=\"http:\/\/www.comerten.com\/wp-content\/uploads\/2020\/05\/cropped-comerten_obrador_sorribas_biogra-10-de-24.jpg\"><\/div> <div  class=\"overlay bg-color1\"><\/div> <div  class=\"swap-inner col-xs-12\"> <div  class=\"row full-height-row middle-xs middle-sm\"> <div  class=\"col-xs-12 text-center content-holder\"> <a href=\"https:\/\/www.comerten.com\/index.php\/obrador-sorribes-biogra\" target=\"_self\" rel=\"noopener noreferrer\"><i  class=\"fa icon portfolio-icon fa-search big\" aria-hidden=\"true\"><\/i><\/a><\/div> <\/div><\/div> <\/div><\/div><div  class=\"col-xs-12 col-sm-3 no-gutter-col\"><div  class=\"contentswap-effect\" data-hover-fx=\"portfolio-4\"> <div  class=\"initial-image\"> <img  data-size=\"542x360\" src=\"http:\/\/www.comerten.com\/wp-content\/uploads\/2020\/05\/cropped-vicens_turrons_viladecans-2-de-20-2.jpg\"><\/div> <div  class=\"overlay bg-color1\"><\/div> <div  class=\"swap-inner col-xs-12\"> <div  class=\"row full-height-row middle-xs middle-sm\"> <div  class=\"col-xs-12 text-center content-holder\"> <a href=\"https:\/\/www.comerten.com\/index.php\/obras-realizadas-torrons-vicens-viladecans\" target=\"_self\" rel=\"noopener noreferrer\"><i  class=\"fa icon portfolio-icon fa-search big\" aria-hidden=\"true\"><\/i><\/a><\/div> <\/div><\/div> <\/div><\/div><div  class=\"col-xs-12 col-sm-3 no-gutter-col\"><div  class=\"contentswap-effect\" data-hover-fx=\"portfolio-4\"> <div  class=\"initial-image\"> <img  data-size=\"542x360\" src=\"http:\/\/www.comerten.com\/wp-content\/uploads\/2020\/03\/cropped-DSC7512.jpg\"><\/div> <div  class=\"overlay bg-color1\"><\/div> <div  class=\"swap-inner col-xs-12\"> <div  class=\"row full-height-row middle-xs middle-sm\"> <div  class=\"col-xs-12 text-center content-holder\"> <a href=\"https:\/\/www.comerten.com\/index.php\/obras-realizadas-forn-de-pa\" target=\"_self\" rel=\"noopener noreferrer\"><i  class=\"fa icon portfolio-icon fa-search big\" aria-hidden=\"true\"><\/i><\/a><\/div> <\/div><\/div> <\/div><\/div><div  class=\"col-xs-12 col-sm-3 no-gutter-col\"><div  class=\"contentswap-effect\" data-hover-fx=\"portfolio-4\"> <div  class=\"initial-image\"> <img  data-size=\"542x360\" src=\"http:\/\/www.comerten.com\/wp-content\/uploads\/2020\/03\/cropped-DSC7422.jpg\"><\/div> <div  class=\"overlay bg-color1\"><\/div> <div  class=\"swap-inner col-xs-12\"> <div  class=\"row full-height-row middle-xs middle-sm\"> <div  class=\"col-xs-12 text-center content-holder\"> <a href=\"https:\/\/www.comerten.com\/index.php\/obras-realizadas-bauer-kompressoren\" target=\"_self\" rel=\"noopener noreferrer\"><i  class=\"fa icon portfolio-icon fa-search big\" aria-hidden=\"true\"><\/i><\/a><\/div> <\/div><\/div> <\/div><\/div><div  class=\"col-xs-12 col-sm-3 no-gutter-col\"><div  class=\"contentswap-effect\" data-hover-fx=\"portfolio-4\"> <div  class=\"initial-image\"> <img  data-size=\"542x360\" src=\"http:\/\/www.comerten.com\/wp-content\/uploads\/2020\/02\/cropped-DSC7300-Editar-2.jpg\"><\/div> <div  class=\"overlay bg-color1\"><\/div> <div  class=\"swap-inner col-xs-12\"> <div  class=\"row full-height-row middle-xs middle-sm\"> <div  class=\"col-xs-12 text-center content-holder\"> <a href=\"https:\/\/www.comerten.com\/index.php\/obras-realizadas-seat\" target=\"_self\" rel=\"noopener noreferrer\"><i  class=\"fa icon portfolio-icon fa-search big\" aria-hidden=\"true\"><\/i><\/a><\/div> <\/div><\/div> <\/div><\/div><div  class=\"col-xs-12 col-sm-3 no-gutter-col\"><div  class=\"contentswap-effect\" data-hover-fx=\"portfolio-4\"> <div  class=\"initial-image\"> <img  data-size=\"542x360\" src=\"http:\/\/www.comerten.com\/wp-content\/uploads\/2019\/06\/cropped-comerten-2-de-25-1.jpg\"><\/div> <div  class=\"overlay bg-color1\"><\/div> <div  class=\"swap-inner col-xs-12\"> <div  class=\"row full-height-row middle-xs middle-sm\"> <div  class=\"col-xs-12 text-center content-holder\"> <a href=\"https:\/\/www.comerten.com\/index.php\/obras-realizadas\" target=\"_self\" rel=\"noopener noreferrer\"><i  class=\"fa icon portfolio-icon fa-search big\" aria-hidden=\"true\"><\/i><\/a><\/div> <\/div><\/div> <\/div><\/div>  <div  class=\"col-xs-12 col-sm-3 no-gutter-col\"><div  class=\"contentswap-effect\" data-hover-fx=\"portfolio-4\"> <div  class=\"initial-image\"> <img  data-size=\"542x360\" src=\"http:\/\/www.comerten.com\/wp-content\/uploads\/2019\/06\/cropped-comerten-13-de-25-1.jpg\"><\/div> <div  class=\"overlay bg-color1\"><\/div> <div  class=\"swap-inner col-xs-12\"> <div  class=\"row full-height-row middle-xs middle-sm\"> <div  class=\"col-xs-12 text-center content-holder\"> <a href=\"https:\/\/www.comerten.com\/index.php\/obras-realizadas-caldera\" target=\"_self\" rel=\"noopener noreferrer\"><i  class=\"fa icon portfolio-icon fa-search big\" aria-hidden=\"true\"><\/i><\/a><\/div> <\/div><\/div> <\/div><\/div>  <div  class=\"col-xs-12 col-sm-3 no-gutter-col\"><div  class=\"contentswap-effect\" data-hover-fx=\"portfolio-4\"> <div  class=\"initial-image\"> <img  data-size=\"542x360\" src=\"http:\/\/www.comerten.com\/wp-content\/uploads\/2019\/06\/cropped-comerten-17-de-25.jpg\"><\/div> <div  class=\"overlay bg-color1\"><\/div> <div  class=\"swap-inner col-xs-12\"> <div  class=\"row full-height-row middle-xs middle-sm\"> <div  class=\"col-xs-12 text-center content-holder\"> <a href=\"https:\/\/www.comerten.com\/index.php\/obras-realizadas-2\" target=\"_self\" rel=\"noopener noreferrer\"><i  class=\"fa icon portfolio-icon fa-search big\" aria-hidden=\"true\"><\/i><\/a><\/div> <\/div><\/div> <\/div><\/div> <div  class=\"col-xs-12 col-sm-3 no-gutter-col\"><div  class=\"contentswap-effect\" data-hover-fx=\"portfolio-4\"> <div  class=\"initial-image\"> <img  data-size=\"542x360\" src=\"http:\/\/www.comerten.com\/wp-content\/uploads\/2017\/02\/cropped-catering52.gif\"><\/div> <div  class=\"overlay bg-color1\"><\/div> <div  class=\"swap-inner col-xs-12\"> <div  class=\"row full-height-row middle-xs middle-sm\"> <div  class=\"col-xs-12 text-center content-holder\"> <a href=\"https:\/\/www.comerten.com\/index.php\/obras-realizadas-3\" target=\"_self\" rel=\"noopener noreferrer\"><i  class=\"fa icon portfolio-icon fa-search big\" aria-hidden=\"true\"><\/i><\/a><\/div> <\/div><\/div> <\/div><\/div><div  class=\"col-xs-12 col-sm-3 no-gutter-col\"><div  class=\"contentswap-effect\" data-hover-fx=\"portfolio-4\"> <div  class=\"initial-image\"> <img  data-size=\"542x360\" src=\"http:\/\/www.comerten.com\/wp-content\/uploads\/2019\/09\/cropped-18032019-foto-Editar.jpg\"><\/div> <div  class=\"overlay bg-color1\"><\/div> <div  class=\"swap-inner col-xs-12\"> <div  class=\"row full-height-row middle-xs middle-sm\"> <div  class=\"col-xs-12 text-center content-holder\"> <a href=\"https:\/\/www.comerten.com\/index.php\/gasineras\" target=\"_self\" rel=\"noopener noreferrer\"><i  class=\"fa icon portfolio-icon fa-search big\" aria-hidden=\"true\"><\/i><\/a><\/div> <\/div><\/div> <\/div><\/div><div  class=\"col-xs-12 col-sm-3 no-gutter-col\"><div  class=\"contentswap-effect\" data-hover-fx=\"portfolio-4\"> <div  class=\"initial-image\"> <img  data-size=\"542x360\" src=\"http:\/\/www.comerten.com\/wp-content\/uploads\/2017\/01\/cropped-crematorio1.jpg\"><\/div> <div  class=\"overlay bg-color1\"><\/div> <div  class=\"swap-inner col-xs-12\"> <div  class=\"row full-height-row middle-xs middle-sm\"> <div  class=\"col-xs-12 text-center content-holder\"> <a href=\"https:\/\/www.comerten.com\/index.php\/obras-realizadas-4\" target=\"_self\" rel=\"noopener noreferrer\"><i  class=\"fa icon portfolio-icon fa-search big\" aria-hidden=\"true\"><\/i><\/a><\/div> <\/div><\/div> <\/div><\/div><\/div><\/div> <\/div><div  id=\"contacto\" style=\"background-color: rgb(255, 255, 255); background-size: cover; background-position: center top; background-image: url(&quot;http:\/\/www.comerten.com\/wp-content\/uploads\/2019\/04\/parvesh-kumar-501257-unsplash.jpg&quot;);\" data-label=\"Contacto\" data-id=\"contact-1-mc\" data-export-id=\"contact-1-mc\" data-category=\"contact\" class=\"contact-1-mc content-section content-section-spacing white-text\" data-parallax-depth=\"20\" data-bullets-visibility=\"true\"><div  class=\"gridContainer\"> <div  class=\"row text-center\"><div  class=\"section-title-col\" data-type=\"column\">  <h2  class=\"\">Contacto<\/h2> <p  class=\"lead\">93 6767839 \u2013 607900913\n<br >comerten@comerten.com<\/p><\/div> <\/div> <div  class=\"row text-center\"> <div  class=\"col-xs-12 col-sm-8 col-sm-offset-2 contact-form-wrapper inline-info\"> <div  class=\"card large-padding\"> <div  class=\"\" data-content-shortcode=\"mesmerize_contact_form shortcode=&quot;wpforms id=&amp;amp;quot;185&amp;amp;quot;&quot;\" data-editable=\"true\"><div class=\"wpforms-container wpforms-container-full\" id=\"wpforms-185\"><form id=\"wpforms-form-185\" class=\"wpforms-validate wpforms-form\" data-formid=\"185\" method=\"post\" enctype=\"multipart\/form-data\" action=\"\/index.php\/wp-json\/wp\/v2\/pages\/130\" data-token=\"0d42c4c7cb21aaea315bc7e3e134d8fb\"><noscript class=\"wpforms-error-noscript\">Por favor, activa JavaScript en tu navegador para completar este formulario.<\/noscript><div class=\"wpforms-field-container\"><div id=\"wpforms-185-field_0-container\" class=\"wpforms-field wpforms-field-name\" data-field-id=\"0\"><label class=\"wpforms-field-label\" for=\"wpforms-185-field_0\">Nombre <span class=\"wpforms-required-label\">*<\/span><\/label><input type=\"text\" id=\"wpforms-185-field_0\" class=\"wpforms-field-medium wpforms-field-required\" name=\"wpforms[fields][0]\" required><\/div><div id=\"wpforms-185-field_1-container\" class=\"wpforms-field wpforms-field-email\" data-field-id=\"1\"><label class=\"wpforms-field-label\" for=\"wpforms-185-field_1\">Correo electr\u00f3nico <span class=\"wpforms-required-label\">*<\/span><\/label><input type=\"email\" id=\"wpforms-185-field_1\" class=\"wpforms-field-medium wpforms-field-required\" name=\"wpforms[fields][1]\" required><\/div><div id=\"wpforms-185-field_2-container\" class=\"wpforms-field wpforms-field-textarea\" data-field-id=\"2\"><label class=\"wpforms-field-label\" for=\"wpforms-185-field_2\">Comentario o mensaje <span class=\"wpforms-required-label\">*<\/span><\/label><textarea id=\"wpforms-185-field_2\" class=\"wpforms-field-medium wpforms-field-required\" name=\"wpforms[fields][2]\" required><\/textarea><\/div><\/div><div class=\"wpforms-field wpforms-field-hp\"><label for=\"wpforms-185-field-hp\" class=\"wpforms-field-label\">Email<\/label><input type=\"text\" name=\"wpforms[hp]\" id=\"wpforms-185-field-hp\" class=\"wpforms-field-medium\"><\/div><input type=\"hidden\" name=\"wpforms[recaptcha]\" value=\"\"><div class=\"wpforms-submit-container\"><input type=\"hidden\" name=\"wpforms[id]\" value=\"185\"><input type=\"hidden\" name=\"wpforms[author]\" value=\"1\"><button type=\"submit\" name=\"wpforms[submit]\" id=\"wpforms-submit-185\" class=\"wpforms-submit\" data-alt-text=\"Enviando...\" data-submit-text=\"Enviar\" aria-live=\"assertive\" value=\"wpforms-submit\">Enviar<\/button><\/div><\/form><\/div>  <!-- .wpforms-container --><\/div><\/div> <\/div><\/div> <\/div><\/div>","protected":false},"excerpt":{"rendered":"<p>QU\u00c9 HACEMOS Proporcionamos soluciones para todas sus necesidades En este mercado tan diverso, hemos sido capaces de formar y crear a expertos en:&#8211; Gas&#8211; Climatizaci\u00f3n con bombas de calor a gas natural&#8211; Calefacci\u00f3n de infrarrojos&#8211; Aire acondicionado&#8211; Calefacci\u00f3n&#8211; Instalaciones de gas en cocinas de locales&#8211; Instalaciones de gas en secadoras industrialesY en muchos otros temas,&hellip; <br \/> <a class=\"read-more\" href=\"https:\/\/www.comerten.com\/\">Leer m\u00e1s<\/a><\/p>\n","protected":false},"author":1,"featured_media":0,"parent":0,"menu_order":0,"comment_status":"closed","ping_status":"closed","template":"page-templates\/homepage.php","meta":{"spay_email":""},"categories":[],"tags":[],"_links":{"self":[{"href":"https:\/\/www.comerten.com\/index.php\/wp-json\/wp\/v2\/pages\/130"}],"collection":[{"href":"https:\/\/www.comerten.com\/index.php\/wp-json\/wp\/v2\/pages"}],"about":[{"href":"https:\/\/www.comerten.com\/index.php\/wp-json\/wp\/v2\/types\/page"}],"author":[{"embeddable":true,"href":"https:\/\/www.comerten.com\/index.php\/wp-json\/wp\/v2\/users\/1"}],"replies":[{"embeddable":true,"href":"https:\/\/www.comerten.com\/index.php\/wp-json\/wp\/v2\/comments?post=130"}],"version-history":[{"count":39,"href":"https:\/\/www.comerten.com\/index.php\/wp-json\/wp\/v2\/pages\/130\/revisions"}],"predecessor-version":[{"id":583,"href":"https:\/\/www.comerten.com\/index.php\/wp-json\/wp\/v2\/pages\/130\/revisions\/583"}],"wp:attachment":[{"href":"https:\/\/www.comerten.com\/index.php\/wp-json\/wp\/v2\/media?parent=130"}],"wp:term":[{"taxonomy":"category","embeddable":true,"href":"https:\/\/www.comerten.com\/index.php\/wp-json\/wp\/v2\/categories?post=130"},{"taxonomy":"post_tag","embeddable":true,"href":"https:\/\/www.comerten.com\/index.php\/wp-json\/wp\/v2\/tags?post=130"}],"curies":[{"name":"wp","href":"https:\/\/api.w.org\/{rel}","templated":true}]}}